{"id":226,"date":"2026-02-10T09:52:44","date_gmt":"2026-02-10T08:52:44","guid":{"rendered":"https:\/\/securex.edu.pl\/?page_id=226"},"modified":"2026-02-12T14:20:05","modified_gmt":"2026-02-12T13:20:05","slug":"kontakt","status":"publish","type":"page","link":"https:\/\/securex.edu.pl\/?page_id=226","title":{"rendered":"Kontakt"},"content":{"rendered":"<div class=\"kb-row-layout-wrap kb-row-layout-id226_f58788-66 alignnone has-custom-color-3-background-color kt-row-has-bg wp-block-kadence-rowlayout\"><div class=\"kt-row-column-wrap kt-has-2-columns kt-row-layout-equal kt-tab-layout-inherit kt-mobile-layout-row kt-row-valign-top kb-theme-content-width\">\n\n<div class=\"wp-block-kadence-column kadence-column226_56a427-bc\"><div class=\"kt-inside-inner-col\">\n<h1 class=\"kt-adv-heading226_46494a-11 wp-block-kadence-advancedheading\" data-kb-block=\"kb-adv-heading226_46494a-11\">Napisz do nas!<\/h1>\n\n\n\n<p class=\"kt-adv-heading226_030436-82 wp-block-kadence-advancedheading\" data-kb-block=\"kb-adv-heading226_030436-82\">Masz pytanie? Chcesz nawi\u0105za\u0107 wsp\u00f3\u0142prac\u0119? <br>Zapraszamy do kontaktu przez formularz lub bezpo\u015brednio.<\/p>\n\n\n\n<div class=\"wp-block-kadence-iconlist kt-svg-icon-list-items kt-svg-icon-list-items226_bebf97-1c kt-svg-icon-list-columns-1 alignnone kt-list-icon-aligntop\"><ul class=\"kt-svg-icon-list\">\n<li class=\"wp-block-kadence-listitem kt-svg-icon-list-item-wrap kt-svg-icon-list-item-226_21956a-e8\"><span class=\"kb-svg-icon-wrap kb-svg-icon-kb_email-solid kt-svg-icon-list-single\"><svg viewBox=\"0 0 24 24\"  fill=\"currentColor\" xmlns=\"http:\/\/www.w3.org\/2000\/svg\"  aria-hidden=\"true\"><path d=\"M12 12.5l9-5.06V6c0-1.1-.9-2-2-2H5c-1.1 0-2 .9-2 2v1.44l9 5.06z\"\/><path d=\"M12 13.5l-9-5.06V18c0 1.1.9 2 2 2h14c1.1 0 2-.9 2-2V8.44l-9 5.06z\"\/><\/svg><\/span><span class=\"kt-svg-icon-list-text\">securex@grupamtp.pl<\/span><\/li>\n<\/ul><\/div>\n\n\n\n<div class=\"wp-block-kadence-iconlist kt-svg-icon-list-items kt-svg-icon-list-items226_d98d37-f9 kt-svg-icon-list-columns-1 alignnone kt-list-icon-aligntop\"><ul class=\"kt-svg-icon-list\">\n<li class=\"wp-block-kadence-listitem kt-svg-icon-list-item-wrap kt-svg-icon-list-item-226_4c8f44-9c\"><span class=\"kb-svg-icon-wrap kb-svg-icon-fas_phone kt-svg-icon-list-single\"><svg viewBox=\"0 0 512 512\"  fill=\"currentColor\" xmlns=\"http:\/\/www.w3.org\/2000\/svg\"  aria-hidden=\"true\"><path d=\"M493.4 24.6l-104-24c-11.3-2.6-22.9 3.3-27.5 13.9l-48 112c-4.2 9.8-1.4 21.3 6.9 28l60.6 49.6c-36 76.7-98.9 140.5-177.2 177.2l-49.6-60.6c-6.8-8.3-18.2-11.1-28-6.9l-112 48C3.9 366.5-2 378.1.6 389.4l24 104C27.1 504.2 36.7 512 48 512c256.1 0 464-207.5 464-464 0-11.2-7.7-20.9-18.6-23.4z\"\/><\/svg><\/span><span class=\"kt-svg-icon-list-text\">+48 61 869 2000<\/span><\/li>\n<\/ul><\/div>\n\n\n\n<div class=\"wp-block-kadence-iconlist kt-svg-icon-list-items kt-svg-icon-list-items226_015dbe-07 kt-svg-icon-list-columns-1 alignnone kt-list-icon-aligntop\"><ul class=\"kt-svg-icon-list\">\n<li class=\"wp-block-kadence-listitem kt-svg-icon-list-item-wrap kt-svg-icon-list-item-226_e55ec3-b8\"><span class=\"kb-svg-icon-wrap kb-svg-icon-fas_location-arrow kt-svg-icon-list-single\"><svg viewBox=\"0 0 512 512\"  fill=\"currentColor\" xmlns=\"http:\/\/www.w3.org\/2000\/svg\"  aria-hidden=\"true\"><path d=\"M444.52 3.52L28.74 195.42c-47.97 22.39-31.98 92.75 19.19 92.75h175.91v175.91c0 51.17 70.36 67.17 92.75 19.19l191.9-415.78c15.99-38.39-25.59-79.97-63.97-63.97z\"\/><\/svg><\/span><span class=\"kt-svg-icon-list-text\">ul. G\u0142ogowska 10, 60-734 Pozna\u0144<\/span><\/li>\n<\/ul><\/div>\n\n\n\n<figure class=\"wp-block-kadence-image kb-image226_8c26d4-92 size-full\"><a href=\"https:\/\/mtp.pl\/pl\" class=\"kb-advanced-image-link\"><img loading=\"lazy\" decoding=\"async\" width=\"332\" height=\"152\" src=\"https:\/\/securex.edu.pl\/wp-content\/uploads\/2026\/02\/images-1.png\" alt=\"\" class=\"kb-img wp-image-202\" srcset=\"https:\/\/securex.edu.pl\/wp-content\/uploads\/2026\/02\/images-1.png 332w, https:\/\/securex.edu.pl\/wp-content\/uploads\/2026\/02\/images-1-300x137.png 300w\" sizes=\"auto, (max-width: 332px) 100vw, 332px\" \/><\/a><\/figure>\n<\/div><\/div>\n\n\n\n<div class=\"wp-block-kadence-column kadence-column226_76e74b-b9\"><div class=\"kt-inside-inner-col\"><div class=\"wp-block-kadence-advanced-form wp-block-kadence-advanced-form295-cpt-id kb-adv-form-label-style-normal kb-adv-form-input-size-standard kb-form-basic-style wp-block-kadence-advanced-form\"><form id=\"kb-adv-form-295-cpt-id\" class=\"kb-advanced-form\" method=\"post\">\n<div class=\"kb-adv-form-field kb-adv-form-text-type-input kb-adv-form-infield-type-input kb-field295d29bee-9b wp-block-kadence-advanced-form-text\"><label class=\"kb-adv-form-label\" for=\"field295d29bee-9b\">Imi\u0119 i nazwisko<span class=\"kb-adv-form-required\">*<\/span><\/label><input name=\"fieldd29bee-9b\" id=\"field295d29bee-9b\" data-label=\"Imi\u0119 i nazwisko\" type=\"text\" placeholder=\"\" value=\"\" data-type=\"text\" class=\"kb-field kb-text-field\" data-required=\"yes\" required aria-required=\"true\"\/><\/div>\n\n<div class=\"kb-row-layout-wrap kb-row-layout-id226_006477-4b alignnone wp-block-kadence-rowlayout\"><div class=\"kt-row-column-wrap kt-has-2-columns kt-row-layout-equal kt-tab-layout-inherit kt-mobile-layout-row kt-row-valign-top\">\n\n<div class=\"wp-block-kadence-column kadence-column226_efbdb2-8a\"><div class=\"kt-inside-inner-col\"><div class=\"kb-adv-form-field kb-adv-form-text-type-input kb-adv-form-infield-type-input kb-field2953a2cfd-ea wp-block-kadence-advanced-form-email\"><label class=\"kb-adv-form-label\" for=\"field2953a2cfd-ea\">Email<span class=\"kb-adv-form-required\">*<\/span><\/label><input name=\"field3a2cfd-ea\" id=\"field2953a2cfd-ea\" data-label=\"Email\" type=\"email\" placeholder=\"\" value=\"\" data-type=\"email\" class=\"kb-field kb-email-field\" data-required=\"yes\" required aria-required=\"true\"\/><\/div><\/div><\/div>\n\n\n\n<div class=\"wp-block-kadence-column kadence-column226_749466-17\"><div class=\"kt-inside-inner-col\"><div class=\"kb-adv-form-field kb-adv-form-text-type-input kb-adv-form-infield-type-input kb-field29576a8d1-72 wp-block-kadence-advanced-form-text\"><label class=\"kb-adv-form-label\" for=\"field29576a8d1-72\">Nr telefonu<\/label><input name=\"field76a8d1-72\" id=\"field29576a8d1-72\" data-label=\"Nr telefonu\" type=\"text\" placeholder=\"\" value=\"\" data-type=\"text\" class=\"kb-field kb-text-field\" data-required=\"no\" \/><\/div><\/div><\/div>\n\n<\/div><\/div>\n\n<div class=\"kb-adv-form-field kb-adv-form-text-type-input kb-adv-form-infield-type-input kb-field295ded783-a4 wp-block-kadence-advanced-form-text\"><label class=\"kb-adv-form-label\" for=\"field295ded783-a4\">Temat<\/label><input name=\"fieldded783-a4\" id=\"field295ded783-a4\" data-label=\"Temat\" type=\"text\" placeholder=\"\" value=\"\" data-type=\"text\" class=\"kb-field kb-text-field\" data-required=\"no\" \/><\/div>\n\n<div class=\"kb-adv-form-field kb-adv-form-text-type-input kb-adv-form-infield-type-input kb-field2950a3f72-99 wp-block-kadence-advanced-form-textarea\"><label class=\"kb-adv-form-label\" for=\"field2950a3f72-99\">Wiadomo\u015b\u0107<span class=\"kb-adv-form-required\">*<\/span><\/label><textarea name=\"field0a3f72-99\" id=\"field2950a3f72-99\" rows=\"3\"  data-label=\"Wiadomo\u015b\u0107\" placeholder=\"\" data-type=\"textarea\" class=\"kb-field kb-textarea-field\" data-required=\"yes\" required aria-required=\"true\"><\/textarea><\/div>\n\n<div class=\"kb-adv-form-field kb-field295709a94-ad wp-block-kadence-advanced-form-accept\"><fieldset class=\"kb-radio-check-item-wrap\" id=\"cb295709a94-ad\" data-type=\"accept\" data-required=\"no\" ><div class=\"kb-radio-check-item\"><input name=\"field709a94-ad\" id=\"field295709a94-ad_0\" data-label=\"\" type=\"checkbox\" value=\"accept\" data-type=\"accept\" class=\"kb-field kb-accept-field kb-checkbox-field\" data-required=\"no\" \/><label for=\"field295709a94-ad_0\">Zapozna\u0142em si\u0119 i akceptuj\u0119 <a href=\"https:\/\/safetyproject.pl\/rodo\/\" type=\"page\" id=\"1054\">zasady przetwarzania danych osobowych<\/a> przez Safety Project sp. z o.o. Wyra\u017cam zgod\u0119 na otrzymywanie informacji handlowych \u015brodkami komunikacji elektronicznej i telefonicznej kierowanymi przez Safety Project sp. z o.o.<\/label><\/div><\/fieldset><\/div>\n\n<div class=\"kb-adv-form-field kb-submit-field kb-fieldfe9d41-13 wp-block-kadence-advanced-form-submit\"><button class=\"kb-button kt-button button kb-adv-form-submit-button kb-btnfe9d41-13 kt-btn-size-standard kt-btn-width-type-auto kb-btn-global-fill kt-btn-has-text-true kt-btn-has-svg-false\" type=\"submit\"><span class=\"kt-btn-inner-text\">Wy\u015blij wiadomo\u015b\u0107<\/span><\/button><\/div>\n<input type=\"hidden\" name=\"_kb_adv_form_post_id\" value=\"295\"><input type=\"hidden\" name=\"action\" value=\"kb_process_advanced_form_submit\"><input type=\"hidden\" name=\"_kb_adv_form_id\" value=\"295-cpt-id\"><\/form><\/div><\/div><\/div>\n\n<\/div><\/div>\n\n<div class=\"kb-row-layout-wrap kb-row-layout-id226_a43179-ba alignnone has-custom-color-6-background-color kt-row-has-bg anchor-link wp-block-kadence-rowlayout\" id=\"rejestracja\"><div class=\"kt-row-column-wrap kt-has-1-columns kt-row-layout-equal kt-tab-layout-inherit kt-mobile-layout-row kt-row-valign-top kb-theme-content-width\">\n\n<div class=\"wp-block-kadence-column kadence-column226_c72133-2d\"><div class=\"kt-inside-inner-col\"><div class=\"wp-block-kadence-advanced-form wp-block-kadence-advanced-form369-cpt-id kb-adv-form-label-style-normal kb-adv-form-input-size-standard kb-form-basic-style wp-block-kadence-advanced-form\"><form id=\"kb-adv-form-369-cpt-id\" class=\"kb-advanced-form\" method=\"post\">\n\n<h1 class=\"kt-adv-heading226_67671a-ee wp-block-kadence-advancedheading\" data-kb-block=\"kb-adv-heading226_67671a-ee\">Rejestracja na wydarzenie<\/h1>\n\n\n<div class=\"kb-row-layout-wrap kb-row-layout-id226_dd871f-52 alignnone wp-block-kadence-rowlayout\"><div class=\"kt-row-column-wrap kt-has-2-columns kt-row-layout-equal kt-tab-layout-inherit kt-mobile-layout-row kt-row-valign-top\">\n\n<div class=\"wp-block-kadence-column kadence-column226_f64b2f-99\"><div class=\"kt-inside-inner-col\"><div class=\"kb-adv-form-field kb-adv-form-text-type-input kb-adv-form-infield-type-input kb-field369881172-9d wp-block-kadence-advanced-form-text\"><label class=\"kb-adv-form-label\" for=\"field369881172-9d\">Imi\u0119 i nazwisko<span class=\"kb-adv-form-required\">*<\/span><\/label><input name=\"field881172-9d\" id=\"field369881172-9d\" data-label=\"Imi\u0119 i nazwisko\" type=\"text\" placeholder=\"\" value=\"\" data-type=\"text\" class=\"kb-field kb-text-field\" data-required=\"yes\" required aria-required=\"true\"\/><\/div>\n\n<div class=\"kb-adv-form-field kb-adv-form-text-type-input kb-adv-form-infield-type-input kb-field369f810f2-cb wp-block-kadence-advanced-form-telephone\"><label class=\"kb-adv-form-label\" for=\"field369f810f2-cb\">Nr telefonu<span class=\"kb-adv-form-required\">*<\/span><\/label><input name=\"fieldf810f2-cb\" id=\"field369f810f2-cb\" data-label=\"Nr telefonu\" type=\"tel\" placeholder=\"\" value=\"\" data-type=\"tel\" class=\"kb-field kb-tel-field\" data-required=\"yes\" required aria-required=\"true\"\/><\/div>\n\n<div class=\"kb-adv-form-field kb-field369f1d126-02 wp-block-kadence-advanced-form-accept\"><fieldset class=\"kb-radio-check-item-wrap\" id=\"cb369f1d126-02\" data-type=\"accept\" data-required=\"no\" ><div class=\"kb-radio-check-item\"><input name=\"fieldf1d126-02\" id=\"field369f1d126-02_0\" data-label=\"\" type=\"checkbox\" value=\"accept\" data-type=\"accept\" class=\"kb-field kb-accept-field kb-checkbox-field\" data-required=\"no\" \/><label for=\"field369f1d126-02_0\">Zapozna\u0142em si\u0119 i akceptuj\u0119 <a href=\"https:\/\/safetyproject.pl\/rodo\/\" type=\"page\" id=\"1054\">zasady przetwarzania danych osobowych<\/a> przez Safety Project sp. z o.o. Wyra\u017cam zgod\u0119 na otrzymywanie informacji handlowych \u015brodkami komunikacji elektronicznej i telefonicznej kierowanymi przez Safety Project sp. z o.o.<\/label><\/div><\/fieldset><\/div><\/div><\/div>\n\n\n\n<div class=\"wp-block-kadence-column kadence-column226_b6fbd1-c0\"><div class=\"kt-inside-inner-col\"><div class=\"kb-adv-form-field kb-adv-form-text-type-input kb-adv-form-infield-type-input kb-field3693ffd57-b5 wp-block-kadence-advanced-form-text\"><label class=\"kb-adv-form-label\" for=\"field3693ffd57-b5\">Nazwa organizacji<span class=\"kb-adv-form-required\">*<\/span><\/label><input name=\"field3ffd57-b5\" id=\"field3693ffd57-b5\" data-label=\"Nazwa organizacji\" type=\"text\" placeholder=\"\" value=\"\" data-type=\"text\" class=\"kb-field kb-text-field\" data-required=\"yes\" required aria-required=\"true\"\/><\/div>\n\n<div class=\"kb-adv-form-field kb-adv-form-text-type-input kb-adv-form-infield-type-input kb-field36948fbd8-a7 wp-block-kadence-advanced-form-email\"><label class=\"kb-adv-form-label\" for=\"field36948fbd8-a7\">Email<span class=\"kb-adv-form-required\">*<\/span><\/label><input name=\"field48fbd8-a7\" id=\"field36948fbd8-a7\" data-label=\"Email\" type=\"email\" placeholder=\"\" value=\"\" data-type=\"email\" class=\"kb-field kb-email-field\" data-required=\"yes\" required aria-required=\"true\"\/><\/div>\n\n<div class=\"kb-adv-form-field kb-adv-form-infield-type-input kb-field36944cfa1-df wp-block-kadence-advanced-form-select\"><label class=\"kb-adv-form-label\" for=\"field36944cfa1-df\">Wojew\u00f3dztwo<\/label><select  name=\"field44cfa1-df\" id=\"field36944cfa1-df\" ><option value=\"dolno\u015bl\u0105skie\">dolno\u015bl\u0105skie<\/option><option value=\"kujawsko-pomorskie\">kujawsko-pomorskie<\/option><option value=\"lubelskie\">lubelskie<\/option><option value=\"lubuskie\">lubuskie<\/option><option value=\"\u0142\u00f3dzkie\">\u0142\u00f3dzkie<\/option><option value=\"ma\u0142opolskie\">ma\u0142opolskie<\/option><option value=\"mazowieckie\">mazowieckie<\/option><option value=\"opolskie\">opolskie<\/option><option value=\"podkarpackie\">podkarpackie<\/option><option value=\"podlaskie\">podlaskie<\/option><option value=\"pomorskie\">pomorskie<\/option><option value=\"\u015bl\u0105skie\">\u015bl\u0105skie<\/option><option value=\"\u015bwi\u0119tokrzyskie\">\u015bwi\u0119tokrzyskie<\/option><option value=\"warmi\u0144sko-mazurskie\">warmi\u0144sko-mazurskie<\/option><option value=\"wielkopolskie\">wielkopolskie<\/option><option value=\"zachodniopomorskie\">zachodniopomorskie<\/option><\/select><\/div><\/div><\/div>\n\n<\/div><\/div>\n\n<div class=\"kb-adv-form-field kb-submit-field kb-field58a7b5-ad wp-block-kadence-advanced-form-submit\"><button class=\"kb-button kt-button button kb-adv-form-submit-button kb-btn58a7b5-ad kt-btn-size-standard kt-btn-width-type-auto kb-btn-global-fill kt-btn-has-text-true kt-btn-has-svg-false\" type=\"submit\"><span class=\"kt-btn-inner-text\">Zarejestruj si\u0119 teraz!<\/span><\/button><\/div>\n<input type=\"hidden\" name=\"_kb_adv_form_post_id\" value=\"369\"><input type=\"hidden\" name=\"action\" value=\"kb_process_advanced_form_submit\"><input type=\"hidden\" name=\"_kb_adv_form_id\" value=\"369-cpt-id\"><\/form><\/div><\/div><\/div>\n\n<\/div><\/div>","protected":false},"excerpt":{"rendered":"<p>Napisz do nas! Masz pytanie? Chcesz nawi\u0105za\u0107 wsp\u00f3\u0142prac\u0119? Zapraszamy do kontaktu przez formularz lub bezpo\u015brednio.<\/p>\n","protected":false},"author":1,"featured_media":0,"parent":0,"menu_order":0,"comment_status":"closed","ping_status":"closed","template":"","meta":{"_acf_changed":false,"footnotes":""},"class_list":["post-226","page","type-page","status-publish","hentry"],"acf":[],"_links":{"self":[{"href":"https:\/\/securex.edu.pl\/index.php?rest_route=\/wp\/v2\/pages\/226","targetHints":{"allow":["GET"]}}],"collection":[{"href":"https:\/\/securex.edu.pl\/index.php?rest_route=\/wp\/v2\/pages"}],"about":[{"href":"https:\/\/securex.edu.pl\/index.php?rest_route=\/wp\/v2\/types\/page"}],"author":[{"embeddable":true,"href":"https:\/\/securex.edu.pl\/index.php?rest_route=\/wp\/v2\/users\/1"}],"replies":[{"embeddable":true,"href":"https:\/\/securex.edu.pl\/index.php?rest_route=%2Fwp%2Fv2%2Fcomments&post=226"}],"version-history":[{"count":18,"href":"https:\/\/securex.edu.pl\/index.php?rest_route=\/wp\/v2\/pages\/226\/revisions"}],"predecessor-version":[{"id":433,"href":"https:\/\/securex.edu.pl\/index.php?rest_route=\/wp\/v2\/pages\/226\/revisions\/433"}],"wp:attachment":[{"href":"https:\/\/securex.edu.pl\/index.php?rest_route=%2Fwp%2Fv2%2Fmedia&parent=226"}],"curies":[{"name":"wp","href":"https:\/\/api.w.org\/{rel}","templated":true}]}}